{"id":25,"date":"2017-11-23T02:10:28","date_gmt":"2017-11-23T02:10:28","guid":{"rendered":"https:\/\/www.arlisman.com\/de\/?page_id=25"},"modified":"2019-01-24T02:15:19","modified_gmt":"2019-01-24T02:15:19","slug":"technologie","status":"publish","type":"page","link":"https:\/\/www.arlisman.com\/de\/technologie\/","title":{"rendered":"Technologie"},"content":{"rendered":"<div class=\"fusion-fullwidth fullwidth-box fusion-builder-row-1 hundred-percent-fullwidth non-hundred-percent-height-scrolling fusion-equal-height-columns\" style=\"--awb-border-radius-top-left:0px;--awb-border-radius-top-right:0px;--awb-border-radius-bottom-right:0px;--awb-border-radius-bottom-left:0px;--awb-padding-top:0px;--awb-padding-right:0px;--awb-padding-bottom:0px;--awb-padding-left:0px;--awb-flex-wrap:wrap;\" ><div class=\"fusion-builder-row fusion-row\"><div class=\"fusion-layout-column fusion_builder_column fusion-builder-column-0 fusion_builder_column_1_2 1_2 fusion-one-half fusion-column-first\" style=\"--awb-padding-top:100px;--awb-padding-right:6%;--awb-padding-bottom:100px;--awb-padding-left:6%;--awb-bg-size:cover;width:50%;width:calc(50% - ( ( 0 ) * 0.5 ) );margin-right: 0px;\"><div class=\"fusion-column-wrapper fusion-flex-column-wrapper-legacy\"><div class=\"fusion-text fusion-text-1\"><h2><strong>Technische Trends<\/strong><\/h2>\n<\/div><div class=\"fusion-sep-clear\"><\/div><div class=\"fusion-separator fusion-clearfix\" style=\"float:left;margin-bottom:30px;width:100%;max-width:100px;\"><div class=\"fusion-separator-border sep-single sep-solid\" style=\"--awb-height:20px;--awb-amount:20px;--awb-sep-color:#25afb4;border-color:#25afb4;border-top-width:2px;\"><\/div><\/div><div class=\"fusion-sep-clear\"><\/div><div class=\"fusion-text fusion-text-2\"><p>Achten Sie immer auf die Entwicklung der Stofftechnologie und streben Sie danach, die Wettbewerbsf\u00e4higkeit von Bekleidungsprodukten f\u00fcr die Kunden zu verbessern.<\/p>\n<\/div><div class=\"accordian fusion-accordian\" style=\"--awb-border-size:1px;--awb-icon-size:13px;--awb-content-font-size:15px;--awb-icon-alignment:left;--awb-hover-color:#f9f9f9;--awb-border-color:#cccccc;--awb-background-color:#ffffff;--awb-divider-color:#e0dede;--awb-divider-hover-color:#e0dede;--awb-icon-color:#ffffff;--awb-title-color:#333333;--awb-content-color:#747474;--awb-icon-box-color:#333333;--awb-toggle-hover-accent-color:#0a476d;--awb-title-font-family:&quot;Open Sans&quot;;--awb-title-font-weight:400;--awb-title-font-style:normal;--awb-title-font-size:13px;--awb-title-line-height:1.5;--awb-content-font-family:&quot;Open Sans&quot;;--awb-content-font-style:normal;--awb-content-font-weight:400;\"><div class=\"panel-group fusion-toggle-icon-boxed\" id=\"accordion-25-1\"><div class=\"fusion-panel panel-default panel-743d13254a85a3897 fusion-toggle-has-divider\"><div class=\"panel-heading\"><h4 class=\"panel-title toggle\" id=\"toggle_743d13254a85a3897\"><a aria-expanded=\"false\" aria-controls=\"743d13254a85a3897\" role=\"button\" data-toggle=\"collapse\" data-parent=\"#accordion-25-1\" data-target=\"#743d13254a85a3897\" href=\"#743d13254a85a3897\"><span class=\"fusion-toggle-icon-wrapper\" aria-hidden=\"true\"><i class=\"fa-fusion-box active-icon awb-icon-minus\" aria-hidden=\"true\"><\/i><i class=\"fa-fusion-box inactive-icon awb-icon-plus\" aria-hidden=\"true\"><\/i><\/span><span class=\"fusion-toggle-heading\"><strong>Nanotechnologie - Erw\u00e4rmungsprodukte f\u00fcr Bekleidung<\/strong><\/span><\/a><\/h4><\/div><div id=\"743d13254a85a3897\" class=\"panel-collapse collapse \" aria-labelledby=\"toggle_743d13254a85a3897\"><div class=\"panel-body toggle-content fusion-clearfix\">\n<p>Superschlanke <strong>Kohlenstoff-Nanor\u00f6hren-Bekleidungsheizungsprodukte.<\/strong>.<\/p>\n<p><img decoding=\"async\" class=\"alignnone size-full wp-image-1161\" src=\"https:\/\/www.arlisman.com\/de\/wp-content\/uploads\/2018\/04\/Nano-heating-layer..jpg\" alt=\"\" width=\"838\" height=\"310\" srcset=\"https:\/\/www.arlisman.com\/de\/wp-content\/uploads\/2018\/04\/Nano-heating-layer.-200x74.jpg 200w, https:\/\/www.arlisman.com\/de\/wp-content\/uploads\/2018\/04\/Nano-heating-layer.-300x111.jpg 300w, https:\/\/www.arlisman.com\/de\/wp-content\/uploads\/2018\/04\/Nano-heating-layer.-400x148.jpg 400w, https:\/\/www.arlisman.com\/de\/wp-content\/uploads\/2018\/04\/Nano-heating-layer.-600x222.jpg 600w, https:\/\/www.arlisman.com\/de\/wp-content\/uploads\/2018\/04\/Nano-heating-layer.-768x284.jpg 768w, https:\/\/www.arlisman.com\/de\/wp-content\/uploads\/2018\/04\/Nano-heating-layer.-800x296.jpg 800w, https:\/\/www.arlisman.com\/de\/wp-content\/uploads\/2018\/04\/Nano-heating-layer..jpg 838w\" sizes=\"(max-width: 838px) 100vw, 838px\" \/><\/p>\n<p><strong><span style=\"color: #b8906c;\">Merkmale 1: Ultrad\u00fcnn, ultraleicht, ultraweich.<\/span><\/strong><\/p>\n<p>Dicke 0,3 mm und Qualit\u00e4t 7,5 g.<\/p>\n<p>Perfekte Stoffkombination, um kein Tragegef\u00fchl zu erzeugen.<\/p>\n<p><strong><span style=\"color: #b8906c;\">Merkmale 2: Sicherheit und Umweltschutz.<\/span><\/strong><\/p>\n<p>Standardw\u00e4sche 40+.<\/p>\n<p>100 Tausend Stunden nachhaltiger Arbeit, >10 Millionen Mal gebogen.<\/p>\n<p>Gleichm\u00e4\u00dfig erw\u00e4rmen, hohe lokale Temperaturen vermeiden.<\/p>\n<p>Reiner Kohlenstoffstrukturfilm, ohne chemische R\u00fcckst\u00e4nde.<\/p>\n<p><strong><span style=\"color: #b8906c;\">Welche Art von Kleidung kann hergestellt werden?<\/span><\/strong><\/p>\n<p>Daunenjacke, Windmantel, Jacke etc.<\/p>\n<p>\u00a0<\/p>\n<a class=\"fusion-modal-text-link\" data-toggle=\"modal\" data-target=\".fusion-modal.Email7\" href=\"#\">\n<p style=\"text-align: right;\"><strong>>>Kontaktieren Sie uns f\u00fcr weitere Informationen.<\/strong><\/p>\n<\/a><div class=\"fusion-modal modal fade modal-1 Email7\" tabindex=\"-1\" role=\"dialog\" aria-labelledby=\"modal-heading-1\" aria-hidden=\"true\" style=\"--awb-border-color:#ebebeb;--awb-background:#f6f6f6;\"><div class=\"modal-dialog modal-sm\" role=\"document\"><div class=\"modal-content fusion-modal-content\"><div class=\"modal-header\"><button class=\"close\" type=\"button\" data-dismiss=\"modal\" aria-hidden=\"true\" aria-label=\"Close\">&times;<\/button><h3 class=\"modal-title\" id=\"modal-heading-1\" data-dismiss=\"modal\" aria-hidden=\"true\">Within 12 hours<\/h3><\/div><div class=\"modal-body fusion-clearfix\">\n<div class=\"wpcf7 no-js\" id=\"wpcf7-f93-o1\" lang=\"en-US\" dir=\"ltr\">\n<div class=\"screen-reader-response\"><p role=\"status\" aria-live=\"polite\" aria-atomic=\"true\"><\/p> <ul><\/ul><\/div>\n<form action=\"\/de\/wp-json\/wp\/v2\/pages\/25#wpcf7-f93-o1\" method=\"post\" class=\"wpcf7-form init\" aria-label=\"Contact form\" novalidate=\"novalidate\" data-status=\"init\">\n<div style=\"display: none;\">\n<input type=\"hidden\" name=\"_wpcf7\" value=\"93\" \/>\n<input type=\"hidden\" name=\"_wpcf7_version\" value=\"5.8.5\" \/>\n<input type=\"hidden\" name=\"_wpcf7_locale\" value=\"en_US\" \/>\n<input type=\"hidden\" name=\"_wpcf7_unit_tag\" value=\"wpcf7-f93-o1\" \/>\n<input type=\"hidden\" name=\"_wpcf7_container_post\" value=\"0\" \/>\n<input type=\"hidden\" name=\"_wpcf7_posted_data_hash\" value=\"\" \/>\n<\/div>\n<p><label> Dein Name (erforderlich)<br \/>\n<span class=\"wpcf7-form-control-wrap\" data-name=\"your-name\"><input size=\"40\" class=\"wpcf7-form-control wpcf7-text wpcf7-validates-as-required\" aria-required=\"true\" aria-invalid=\"false\" value=\"\" type=\"text\" name=\"your-name\" \/><\/span> <\/label>\n<\/p>\n<p><label> Deine E-Mail (erforderlich)<br \/>\n<span class=\"wpcf7-form-control-wrap\" data-name=\"your-email\"><input size=\"40\" class=\"wpcf7-form-control wpcf7-email wpcf7-validates-as-required wpcf7-text wpcf7-validates-as-email\" aria-required=\"true\" aria-invalid=\"false\" value=\"\" type=\"email\" name=\"your-email\" \/><\/span> <\/label>\n<\/p>\n<p><label> Dein Betreff (erforderlich)<br \/>\n<span class=\"wpcf7-form-control-wrap\" data-name=\"your-subject\"><input size=\"40\" class=\"wpcf7-form-control wpcf7-text wpcf7-validates-as-required\" aria-required=\"true\" aria-invalid=\"false\" value=\"\" type=\"text\" name=\"your-subject\" \/><\/span> <\/label>\n<\/p>\n<p><label> Deine Nachricht (erforderlich)<br \/>\n<span class=\"wpcf7-form-control-wrap\" data-name=\"your-message\"><textarea cols=\"40\" rows=\"10\" class=\"wpcf7-form-control wpcf7-textarea wpcf7-validates-as-required\" aria-required=\"true\" aria-invalid=\"false\" name=\"your-message\"><\/textarea><\/span> <\/label>\n<\/p>\n<p><input type=\"hidden\" name=\"_wpcf7_captcha_challenge_captcha-1\" value=\"4063629944\" \/><img decoding=\"async\" class=\"wpcf7-form-control wpcf7-captchac wpcf7-captcha-captcha-1\" width=\"72\" height=\"24\" alt=\"captcha\" src=\"https:\/\/www.arlisman.com\/de\/wp-content\/uploads\/wpcf7_captcha\/4063629944.png\" \/><br \/>\n<span class=\"wpcf7-form-control-wrap\" data-name=\"captcha-1\"><input size=\"40\" class=\"wpcf7-form-control wpcf7-captchar\" autocomplete=\"off\" aria-invalid=\"false\" value=\"\" type=\"text\" name=\"captcha-1\" \/><\/span>\n<\/p>\n<p><input class=\"wpcf7-form-control wpcf7-submit has-spinner\" type=\"submit\" value=\"SENDEN\" \/>\n<\/p>\n<div>\n\t<p><script>\ndocument.addEventListener( 'wpcf7mailsent', function( event ) {\n if(event.detail.contactFormId == 93){\n gtag('event', 'Popup', {\n 'event_category': 'click93'\n });\n }\n}, false ); \n<\/script>\n\t<\/p>\n<\/div><div class=\"fusion-alert alert custom alert-custom fusion-alert-center wpcf7-response-output fusion-alert-capitalize awb-alert-native-link-color alert-dismissable awb-alert-close-boxed\" style=\"--awb-border-top-left-radius:0px;--awb-border-top-right-radius:0px;--awb-border-bottom-left-radius:0px;--awb-border-bottom-right-radius:0px;\" role=\"alert\"><div class=\"fusion-alert-content-wrapper\"><span class=\"fusion-alert-content\"><\/span><\/div><button type=\"button\" class=\"close toggle-alert\" data-dismiss=\"alert\" aria-label=\"Close\">&times;<\/button><\/div>\n<\/form>\n<\/div>\n<\/div><div class=\"modal-footer\"><button class=\"fusion-button button-default button-medium button default medium\" type=\"button\" data-dismiss=\"modal\">Close<\/button><\/div><\/div><\/div><\/div><\/div><\/div><\/div><div class=\"fusion-panel panel-default panel-4ee2557936db058b6 fusion-toggle-has-divider\"><div class=\"panel-heading\"><h4 class=\"panel-title toggle\" id=\"toggle_4ee2557936db058b6\"><a aria-expanded=\"false\" aria-controls=\"4ee2557936db058b6\" role=\"button\" data-toggle=\"collapse\" data-parent=\"#accordion-25-1\" data-target=\"#4ee2557936db058b6\" href=\"#4ee2557936db058b6\"><span class=\"fusion-toggle-icon-wrapper\" aria-hidden=\"true\"><i class=\"fa-fusion-box active-icon awb-icon-minus\" aria-hidden=\"true\"><\/i><i class=\"fa-fusion-box inactive-icon awb-icon-plus\" aria-hidden=\"true\"><\/i><\/span><span class=\"fusion-toggle-heading\"><strong>HYDROPHOBES GEWEBE<\/strong><\/span><\/a><\/h4><\/div><div id=\"4ee2557936db058b6\" class=\"panel-collapse collapse \" aria-labelledby=\"toggle_4ee2557936db058b6\"><div class=\"panel-body toggle-content fusion-clearfix\">\n<p>Innovatives Bekleidungsgewebe.<\/p>\n<p><strong><span style=\"color: #b8906c;\">Hydrophobe Gewebe Einf\u00fchrung von Arlisman.<\/span><\/strong><\/p>\n<p><img decoding=\"async\" class=\"alignnone size-full wp-image-2148\" src=\"https:\/\/www.arlisman.com\/de\/wp-content\/uploads\/2019\/01\/HYDROPHOBES-GEWEBE-Tshirt.jpg\" alt=\"HYDROPHOBES GEWEBE - Tshirt\" width=\"838\" height=\"310\" srcset=\"https:\/\/www.arlisman.com\/de\/wp-content\/uploads\/2019\/01\/HYDROPHOBES-GEWEBE-Tshirt-200x74.jpg 200w, https:\/\/www.arlisman.com\/de\/wp-content\/uploads\/2019\/01\/HYDROPHOBES-GEWEBE-Tshirt-300x111.jpg 300w, https:\/\/www.arlisman.com\/de\/wp-content\/uploads\/2019\/01\/HYDROPHOBES-GEWEBE-Tshirt-400x148.jpg 400w, https:\/\/www.arlisman.com\/de\/wp-content\/uploads\/2019\/01\/HYDROPHOBES-GEWEBE-Tshirt-600x222.jpg 600w, https:\/\/www.arlisman.com\/de\/wp-content\/uploads\/2019\/01\/HYDROPHOBES-GEWEBE-Tshirt-768x284.jpg 768w, https:\/\/www.arlisman.com\/de\/wp-content\/uploads\/2019\/01\/HYDROPHOBES-GEWEBE-Tshirt-800x296.jpg 800w, https:\/\/www.arlisman.com\/de\/wp-content\/uploads\/2019\/01\/HYDROPHOBES-GEWEBE-Tshirt.jpg 838w\" sizes=\"(max-width: 838px) 100vw, 838px\" \/><\/p>\n<p>Mit Hilfe der hydrophoben Nanotechnologie wird die Oberfl\u00e4che des Gewebes durch Hochtechnologie zu einer Netzwerkschutzschicht geformt. In jedem Netz befinden sich Milliarden von unregelm\u00e4\u00dfigen Mikroporen, 50.000 mal kleiner als der Durchmesser der Wassermolek\u00fcle und 600 mal gr\u00f6\u00dfer als die Schwei\u00dfmolek\u00fcle.<\/p>\n<p>Es beeintr\u00e4chtigt die Atmungsaktivit\u00e4t der Kleidung \u00fcberhaupt nicht und verhindert effektiv, dass Flecken in die Gewebefasern eindringen. Der gesamte Produktionsprozess ist nat\u00fcrlich umweltfreundlich und die Kleidung schadet dem menschlichen K\u00f6rper nicht.<\/p>\n<p><strong>Anwendung range\uff1aT-Shirt, Polo und Hose k\u00f6nnen hergestellt werden.<\/strong><\/p>\n<p>\u00a0<\/p>\n<p style=\"text-align: right;\"><strong><a href=\"https:\/\/www.arlisman.com\/de\/hydrophobes-t-shirt\/\">>Hydrophobes T-Shirt ansehen<\/a><\/strong><\/p>\n<\/div><\/div><\/div><\/div><\/div><div class=\"fusion-sep-clear\"><\/div><div class=\"fusion-separator fusion-full-width-sep\" style=\"margin-left: auto;margin-right: auto;margin-top:15px;width:100%;\"><\/div><div class=\"fusion-sep-clear\"><\/div><div class=\"fusion-text fusion-text-3\"><p>Durchsuchen und passen Sie die hochwertigen Produkte an, die Sie ben\u00f6tigen.<\/p>\n<\/div><div class=\"fusion-sep-clear\"><\/div><div class=\"fusion-separator fusion-full-width-sep\" style=\"margin-left: auto;margin-right: auto;margin-bottom:0px;width:100%;\"><\/div><div class=\"fusion-sep-clear\"><\/div><div class=\"fusion-button-wrapper\"><a class=\"fusion-button button-flat fusion-button-default-size button-default fusion-button-default button-1 fusion-button-default-span fusion-button-default-type\" style=\"--button-border-radius-top-left:25px;--button-border-radius-top-right:25px;--button-border-radius-bottom-right:25px;--button-border-radius-bottom-left:25px;\" target=\"_blank\" rel=\"noopener noreferrer\" href=\"https:\/\/www.arlisman.com\/de\/oem-bekleidung\/\"><span class=\"fusion-button-text\">OEM-Produkte anzeigen<\/span><\/a><\/div><div class=\"fusion-clearfix\"><\/div><\/div><\/div><div class=\"fusion-layout-column fusion_builder_column fusion-builder-column-1 fusion_builder_column_1_2 1_2 fusion-one-half fusion-column-last fusion-no-small-visibility\" style=\"--awb-bg-position:left center;--awb-bg-size:cover;width:50%;width:calc(50% - ( ( 0 ) * 0.5 ) );\"><div class=\"fusion-column-wrapper fusion-flex-column-wrapper-legacy\"><div class=\"fusion-clearfix\"><\/div><\/div><\/div><\/div><\/div>\n","protected":false},"excerpt":{"rendered":"","protected":false},"author":1,"featured_media":0,"parent":0,"menu_order":0,"comment_status":"closed","ping_status":"closed","template":"100-width.php","meta":{"footnotes":""},"class_list":["post-25","page","type-page","status-publish","hentry"],"_links":{"self":[{"href":"https:\/\/www.arlisman.com\/de\/wp-json\/wp\/v2\/pages\/25","targetHints":{"allow":["GET"]}}],"collection":[{"href":"https:\/\/www.arlisman.com\/de\/wp-json\/wp\/v2\/pages"}],"about":[{"href":"https:\/\/www.arlisman.com\/de\/wp-json\/wp\/v2\/types\/page"}],"author":[{"embeddable":true,"href":"https:\/\/www.arlisman.com\/de\/wp-json\/wp\/v2\/users\/1"}],"replies":[{"embeddable":true,"href":"https:\/\/www.arlisman.com\/de\/wp-json\/wp\/v2\/comments?post=25"}],"version-history":[{"count":30,"href":"https:\/\/www.arlisman.com\/de\/wp-json\/wp\/v2\/pages\/25\/revisions"}],"predecessor-version":[{"id":2222,"href":"https:\/\/www.arlisman.com\/de\/wp-json\/wp\/v2\/pages\/25\/revisions\/2222"}],"wp:attachment":[{"href":"https:\/\/www.arlisman.com\/de\/wp-json\/wp\/v2\/media?parent=25"}],"curies":[{"name":"wp","href":"https:\/\/api.w.org\/{rel}","templated":true}]}}