{"id":343,"date":"2018-01-09T14:43:51","date_gmt":"2018-01-09T14:43:51","guid":{"rendered":"https:\/\/www.arlisman.com\/de\/?page_id=343"},"modified":"2026-03-13T07:37:39","modified_gmt":"2026-03-13T07:37:39","slug":"freizeithose","status":"publish","type":"page","link":"https:\/\/www.arlisman.com\/de\/freizeithose\/","title":{"rendered":"Freizeithose"},"content":{"rendered":"<p><div class=\"fusion-fullwidth fullwidth-box fusion-builder-row-1 nonhundred-percent-fullwidth non-hundred-percent-height-scrolling\" style=\"--awb-border-radius-top-left:0px;--awb-border-radius-top-right:0px;--awb-border-radius-bottom-right:0px;--awb-border-radius-bottom-left:0px;--awb-padding-top:0px;--awb-padding-bottom:0px;--awb-background-color:#ffffff;--awb-flex-wrap:wrap;\" ><div class=\"fusion-builder-row fusion-row\"><div class=\"fusion-layout-column fusion_builder_column fusion-builder-column-0 fusion_builder_column_1_1 1_1 fusion-one-full fusion-column-first fusion-column-last\" style=\"--awb-bg-size:cover;--awb-margin-bottom:0px;\"><div class=\"fusion-column-wrapper fusion-flex-column-wrapper-legacy\"><div class=\"fusion-text fusion-text-1\"><p><span class=\"fusion-dropcap dropcap dropcap-boxed\" style=\"--awb-border-radius:50%;\">A<\/span>Als l\u00e4ssige Hosenfabrik k\u00f6nnen wir die Hosen nach Ihren W\u00fcnschen anpassen. Wir k\u00f6nnen verschiedene Arten von Stoffen verwenden, schlanke oder lose Anpassung, jeden Musterdruck, wir k\u00f6nnen verschiedene Produkte herstellen und das Umsatzvolumen erweitern.<\/p>\n<\/div><div class=\"fusion-clearfix\"><\/div><\/div><\/div><div class=\"fusion-layout-column fusion_builder_column fusion-builder-column-1 fusion_builder_column_1_1 1_1 fusion-one-full fusion-column-first fusion-column-last\" style=\"--awb-padding-top:8px;--awb-bg-size:cover;--awb-margin-bottom:0px;\"><div class=\"fusion-column-wrapper fusion-flex-column-wrapper-legacy\"><div class=\"fusion-text fusion-text-2\"><p>Nennen Sie uns Ihre Idee, wir empfehlen Ihnen das passende Gewebe, oder wir k\u00f6nnen nach Ihrem Wunschgewebe produzieren.<\/p>\n<\/div><div class=\"fusion-clearfix\"><\/div><\/div><\/div><div class=\"fusion-layout-column fusion_builder_column fusion-builder-column-2 fusion_builder_column_1_1 1_1 fusion-one-full fusion-column-first fusion-column-last\" style=\"--awb-bg-size:cover;--awb-margin-bottom:0px;\"><div class=\"fusion-column-wrapper fusion-flex-column-wrapper-legacy\"><div class=\"fusion-title title fusion-title-1 fusion-title-text fusion-title-size-one\"><h1 class=\"fusion-title-heading title-heading-left fusion-responsive-typography-calculated\" style=\"margin:0;--fontSize:34;line-height:1.4;\"><strong>&gt;\u00a0Freizeithose f\u00fcr OEM<\/strong><\/h1><span class=\"awb-title-spacer\"><\/span><div class=\"title-sep-container\"><div class=\"title-sep sep-single sep-dashed\" style=\"border-color:#e0dede;\"><\/div><\/div><\/div><div class=\"awb-gallery-wrapper awb-gallery-wrapper-1 button-span-no\"><div style=\"margin:-5px;--awb-bordersize:0px;\" class=\"fusion-gallery fusion-gallery-container fusion-grid-4 fusion-columns-total-12 fusion-gallery-layout-grid fusion-gallery-1\"><div style=\"padding:5px;\" class=\"fusion-grid-column fusion-gallery-column fusion-gallery-column-4 hover-type-none\"><div class=\"fusion-gallery-image\"><a href=\"https:\/\/www.arlisman.com\/de\/wp-content\/uploads\/2019\/03\/AR-CP-10.jpg\" data-title=\"AR-CP-10\" title=\"AR-CP-10\" rel=\"noreferrer\" data-rel=\"iLightbox[gallery_image_1]\" class=\"fusion-lightbox\" target=\"_self\"><img decoding=\"async\" src=\"https:\/\/www.arlisman.com\/de\/wp-content\/uploads\/2019\/03\/AR-CP-10.jpg\" width=\"750\" height=\"750\" alt=\"\" title=\"AR-CP-10\" aria-label=\"AR-CP-10\" class=\"img-responsive wp-image-2237\" srcset=\"https:\/\/www.arlisman.com\/de\/wp-content\/uploads\/2019\/03\/AR-CP-10-200x200.jpg 200w, https:\/\/www.arlisman.com\/de\/wp-content\/uploads\/2019\/03\/AR-CP-10-400x400.jpg 400w, https:\/\/www.arlisman.com\/de\/wp-content\/uploads\/2019\/03\/AR-CP-10-600x600.jpg 600w, https:\/\/www.arlisman.com\/de\/wp-content\/uploads\/2019\/03\/AR-CP-10.jpg 750w\" sizes=\"(min-width: 2200px) 100vw, (min-width: 856px) 316px, (min-width: 784px) 422px, (min-width: 712px) 633px, (min-width: 640px) 712px, \" \/><\/a><\/div><\/div><div style=\"padding:5px;\" class=\"fusion-grid-column fusion-gallery-column fusion-gallery-column-4 hover-type-none\"><div class=\"fusion-gallery-image\"><a href=\"https:\/\/www.arlisman.com\/de\/wp-content\/uploads\/2019\/03\/AR-CP-11.jpg\" data-title=\"AR-CP-11\" title=\"AR-CP-11\" rel=\"noreferrer\" data-rel=\"iLightbox[gallery_image_1]\" class=\"fusion-lightbox\" target=\"_self\"><img decoding=\"async\" src=\"https:\/\/www.arlisman.com\/de\/wp-content\/uploads\/2019\/03\/AR-CP-11.jpg\" width=\"750\" height=\"750\" alt=\"\" title=\"AR-CP-11\" aria-label=\"AR-CP-11\" class=\"img-responsive wp-image-2238\" srcset=\"https:\/\/www.arlisman.com\/de\/wp-content\/uploads\/2019\/03\/AR-CP-11-200x200.jpg 200w, https:\/\/www.arlisman.com\/de\/wp-content\/uploads\/2019\/03\/AR-CP-11-400x400.jpg 400w, https:\/\/www.arlisman.com\/de\/wp-content\/uploads\/2019\/03\/AR-CP-11-600x600.jpg 600w, https:\/\/www.arlisman.com\/de\/wp-content\/uploads\/2019\/03\/AR-CP-11.jpg 750w\" sizes=\"(min-width: 2200px) 100vw, (min-width: 856px) 316px, (min-width: 784px) 422px, (min-width: 712px) 633px, (min-width: 640px) 712px, \" \/><\/a><\/div><\/div><div style=\"padding:5px;\" class=\"fusion-grid-column fusion-gallery-column fusion-gallery-column-4 hover-type-none\"><div class=\"fusion-gallery-image\"><a href=\"https:\/\/www.arlisman.com\/de\/wp-content\/uploads\/2019\/03\/AR-CP-02.jpg\" data-title=\"AR-CP-02\" title=\"AR-CP-02\" rel=\"noreferrer\" data-rel=\"iLightbox[gallery_image_1]\" class=\"fusion-lightbox\" target=\"_self\"><img decoding=\"async\" src=\"https:\/\/www.arlisman.com\/de\/wp-content\/uploads\/2019\/03\/AR-CP-02.jpg\" width=\"750\" height=\"750\" alt=\"\" title=\"AR-CP-02\" aria-label=\"AR-CP-02\" class=\"img-responsive wp-image-2241\" srcset=\"https:\/\/www.arlisman.com\/de\/wp-content\/uploads\/2019\/03\/AR-CP-02-200x200.jpg 200w, https:\/\/www.arlisman.com\/de\/wp-content\/uploads\/2019\/03\/AR-CP-02-400x400.jpg 400w, https:\/\/www.arlisman.com\/de\/wp-content\/uploads\/2019\/03\/AR-CP-02-600x600.jpg 600w, https:\/\/www.arlisman.com\/de\/wp-content\/uploads\/2019\/03\/AR-CP-02.jpg 750w\" sizes=\"(min-width: 2200px) 100vw, (min-width: 856px) 316px, (min-width: 784px) 422px, (min-width: 712px) 633px, (min-width: 640px) 712px, \" \/><\/a><\/div><\/div><div style=\"padding:5px;\" class=\"fusion-grid-column fusion-gallery-column fusion-gallery-column-4 hover-type-none\"><div class=\"fusion-gallery-image\"><a href=\"https:\/\/www.arlisman.com\/de\/wp-content\/uploads\/2019\/03\/AR-CP-13.jpg\" data-title=\"AR-CP-13\" title=\"AR-CP-13\" rel=\"noreferrer\" data-rel=\"iLightbox[gallery_image_1]\" class=\"fusion-lightbox\" target=\"_self\"><img decoding=\"async\" src=\"https:\/\/www.arlisman.com\/de\/wp-content\/uploads\/2019\/03\/AR-CP-13.jpg\" width=\"750\" height=\"750\" alt=\"\" title=\"AR-CP-13\" aria-label=\"AR-CP-13\" class=\"img-responsive wp-image-2239\" srcset=\"https:\/\/www.arlisman.com\/de\/wp-content\/uploads\/2019\/03\/AR-CP-13-200x200.jpg 200w, https:\/\/www.arlisman.com\/de\/wp-content\/uploads\/2019\/03\/AR-CP-13-400x400.jpg 400w, https:\/\/www.arlisman.com\/de\/wp-content\/uploads\/2019\/03\/AR-CP-13-600x600.jpg 600w, https:\/\/www.arlisman.com\/de\/wp-content\/uploads\/2019\/03\/AR-CP-13.jpg 750w\" sizes=\"(min-width: 2200px) 100vw, (min-width: 856px) 316px, (min-width: 784px) 422px, (min-width: 712px) 633px, (min-width: 640px) 712px, \" \/><\/a><\/div><\/div><div class=\"clearfix\"><\/div><div style=\"padding:5px;\" class=\"fusion-grid-column fusion-gallery-column fusion-gallery-column-4 hover-type-none\"><div class=\"fusion-gallery-image\"><a href=\"https:\/\/www.arlisman.com\/de\/wp-content\/uploads\/2019\/03\/AR-CP-03.jpg\" data-title=\"AR-CP-03\" title=\"AR-CP-03\" rel=\"noreferrer\" data-rel=\"iLightbox[gallery_image_1]\" class=\"fusion-lightbox\" target=\"_self\"><img decoding=\"async\" src=\"https:\/\/www.arlisman.com\/de\/wp-content\/uploads\/2019\/03\/AR-CP-03.jpg\" width=\"750\" height=\"750\" alt=\"\" title=\"AR-CP-03\" aria-label=\"AR-CP-03\" class=\"img-responsive wp-image-2242\" srcset=\"https:\/\/www.arlisman.com\/de\/wp-content\/uploads\/2019\/03\/AR-CP-03-200x200.jpg 200w, https:\/\/www.arlisman.com\/de\/wp-content\/uploads\/2019\/03\/AR-CP-03-400x400.jpg 400w, https:\/\/www.arlisman.com\/de\/wp-content\/uploads\/2019\/03\/AR-CP-03-600x600.jpg 600w, https:\/\/www.arlisman.com\/de\/wp-content\/uploads\/2019\/03\/AR-CP-03.jpg 750w\" sizes=\"(min-width: 2200px) 100vw, (min-width: 856px) 316px, (min-width: 784px) 422px, (min-width: 712px) 633px, (min-width: 640px) 712px, \" \/><\/a><\/div><\/div><div style=\"padding:5px;\" class=\"fusion-grid-column fusion-gallery-column fusion-gallery-column-4 hover-type-none\"><div class=\"fusion-gallery-image\"><a href=\"https:\/\/www.arlisman.com\/de\/wp-content\/uploads\/2019\/03\/AR-CP-05.jpg\" data-title=\"AR-CP-05\" title=\"AR-CP-05\" rel=\"noreferrer\" data-rel=\"iLightbox[gallery_image_1]\" class=\"fusion-lightbox\" target=\"_self\"><img decoding=\"async\" src=\"https:\/\/www.arlisman.com\/de\/wp-content\/uploads\/2019\/03\/AR-CP-05.jpg\" width=\"750\" height=\"750\" alt=\"\" title=\"AR-CP-05\" aria-label=\"AR-CP-05\" class=\"img-responsive wp-image-2244\" srcset=\"https:\/\/www.arlisman.com\/de\/wp-content\/uploads\/2019\/03\/AR-CP-05-200x200.jpg 200w, https:\/\/www.arlisman.com\/de\/wp-content\/uploads\/2019\/03\/AR-CP-05-400x400.jpg 400w, https:\/\/www.arlisman.com\/de\/wp-content\/uploads\/2019\/03\/AR-CP-05-600x600.jpg 600w, https:\/\/www.arlisman.com\/de\/wp-content\/uploads\/2019\/03\/AR-CP-05.jpg 750w\" sizes=\"(min-width: 2200px) 100vw, (min-width: 856px) 316px, (min-width: 784px) 422px, (min-width: 712px) 633px, (min-width: 640px) 712px, \" \/><\/a><\/div><\/div><div style=\"padding:5px;\" class=\"fusion-grid-column fusion-gallery-column fusion-gallery-column-4 hover-type-none\"><div class=\"fusion-gallery-image\"><a href=\"https:\/\/www.arlisman.com\/de\/wp-content\/uploads\/2019\/03\/AR-CP-01.jpg\" data-title=\"AR-CP-01\" title=\"AR-CP-01\" rel=\"noreferrer\" data-rel=\"iLightbox[gallery_image_1]\" class=\"fusion-lightbox\" target=\"_self\"><img decoding=\"async\" src=\"https:\/\/www.arlisman.com\/de\/wp-content\/uploads\/2019\/03\/AR-CP-01.jpg\" width=\"750\" height=\"750\" alt=\"\" title=\"AR-CP-01\" aria-label=\"AR-CP-01\" class=\"img-responsive wp-image-2240\" srcset=\"https:\/\/www.arlisman.com\/de\/wp-content\/uploads\/2019\/03\/AR-CP-01-200x200.jpg 200w, https:\/\/www.arlisman.com\/de\/wp-content\/uploads\/2019\/03\/AR-CP-01-400x400.jpg 400w, https:\/\/www.arlisman.com\/de\/wp-content\/uploads\/2019\/03\/AR-CP-01-600x600.jpg 600w, https:\/\/www.arlisman.com\/de\/wp-content\/uploads\/2019\/03\/AR-CP-01.jpg 750w\" sizes=\"(min-width: 2200px) 100vw, (min-width: 856px) 316px, (min-width: 784px) 422px, (min-width: 712px) 633px, (min-width: 640px) 712px, \" \/><\/a><\/div><\/div><div style=\"padding:5px;\" class=\"fusion-grid-column fusion-gallery-column fusion-gallery-column-4 hover-type-none\"><div class=\"fusion-gallery-image\"><a href=\"https:\/\/www.arlisman.com\/de\/wp-content\/uploads\/2019\/03\/AR-CP-09.jpg\" data-title=\"AR-CP-09\" title=\"AR-CP-09\" rel=\"noreferrer\" data-rel=\"iLightbox[gallery_image_1]\" class=\"fusion-lightbox\" target=\"_self\"><img decoding=\"async\" src=\"https:\/\/www.arlisman.com\/de\/wp-content\/uploads\/2019\/03\/AR-CP-09.jpg\" width=\"750\" height=\"750\" alt=\"\" title=\"AR-CP-09\" aria-label=\"AR-CP-09\" class=\"img-responsive wp-image-2248\" srcset=\"https:\/\/www.arlisman.com\/de\/wp-content\/uploads\/2019\/03\/AR-CP-09-200x200.jpg 200w, https:\/\/www.arlisman.com\/de\/wp-content\/uploads\/2019\/03\/AR-CP-09-400x400.jpg 400w, https:\/\/www.arlisman.com\/de\/wp-content\/uploads\/2019\/03\/AR-CP-09-600x600.jpg 600w, https:\/\/www.arlisman.com\/de\/wp-content\/uploads\/2019\/03\/AR-CP-09.jpg 750w\" sizes=\"(min-width: 2200px) 100vw, (min-width: 856px) 316px, (min-width: 784px) 422px, (min-width: 712px) 633px, (min-width: 640px) 712px, \" \/><\/a><\/div><\/div><div class=\"clearfix\"><\/div><div style=\"padding:5px;\" class=\"fusion-grid-column fusion-gallery-column fusion-gallery-column-4 hover-type-none\"><div class=\"fusion-gallery-image\"><a href=\"https:\/\/www.arlisman.com\/de\/wp-content\/uploads\/2019\/03\/AR-CP-04.jpg\" data-title=\"AR-CP-04\" title=\"AR-CP-04\" rel=\"noreferrer\" data-rel=\"iLightbox[gallery_image_1]\" class=\"fusion-lightbox\" target=\"_self\"><img decoding=\"async\" src=\"https:\/\/www.arlisman.com\/de\/wp-content\/uploads\/2019\/03\/AR-CP-04.jpg\" width=\"750\" height=\"750\" alt=\"\" title=\"AR-CP-04\" aria-label=\"AR-CP-04\" class=\"img-responsive wp-image-2243\" srcset=\"https:\/\/www.arlisman.com\/de\/wp-content\/uploads\/2019\/03\/AR-CP-04-200x200.jpg 200w, https:\/\/www.arlisman.com\/de\/wp-content\/uploads\/2019\/03\/AR-CP-04-400x400.jpg 400w, https:\/\/www.arlisman.com\/de\/wp-content\/uploads\/2019\/03\/AR-CP-04-600x600.jpg 600w, https:\/\/www.arlisman.com\/de\/wp-content\/uploads\/2019\/03\/AR-CP-04.jpg 750w\" sizes=\"(min-width: 2200px) 100vw, (min-width: 856px) 316px, (min-width: 784px) 422px, (min-width: 712px) 633px, (min-width: 640px) 712px, \" \/><\/a><\/div><\/div><div style=\"padding:5px;\" class=\"fusion-grid-column fusion-gallery-column fusion-gallery-column-4 hover-type-none\"><div class=\"fusion-gallery-image\"><a href=\"https:\/\/www.arlisman.com\/de\/wp-content\/uploads\/2019\/03\/AR-CP-08.jpg\" data-title=\"AR-CP-08\" title=\"AR-CP-08\" rel=\"noreferrer\" data-rel=\"iLightbox[gallery_image_1]\" class=\"fusion-lightbox\" target=\"_self\"><img decoding=\"async\" src=\"https:\/\/www.arlisman.com\/de\/wp-content\/uploads\/2019\/03\/AR-CP-08.jpg\" width=\"750\" height=\"750\" alt=\"\" title=\"AR-CP-08\" aria-label=\"AR-CP-08\" class=\"img-responsive wp-image-2247\" srcset=\"https:\/\/www.arlisman.com\/de\/wp-content\/uploads\/2019\/03\/AR-CP-08-200x200.jpg 200w, https:\/\/www.arlisman.com\/de\/wp-content\/uploads\/2019\/03\/AR-CP-08-400x400.jpg 400w, https:\/\/www.arlisman.com\/de\/wp-content\/uploads\/2019\/03\/AR-CP-08-600x600.jpg 600w, https:\/\/www.arlisman.com\/de\/wp-content\/uploads\/2019\/03\/AR-CP-08.jpg 750w\" sizes=\"(min-width: 2200px) 100vw, (min-width: 856px) 316px, (min-width: 784px) 422px, (min-width: 712px) 633px, (min-width: 640px) 712px, \" \/><\/a><\/div><\/div><div style=\"padding:5px;\" class=\"fusion-grid-column fusion-gallery-column fusion-gallery-column-4 hover-type-none\"><div class=\"fusion-gallery-image\"><a href=\"https:\/\/www.arlisman.com\/de\/wp-content\/uploads\/2019\/03\/AR-CP-06.jpg\" data-title=\"AR-CP-06\" title=\"AR-CP-06\" rel=\"noreferrer\" data-rel=\"iLightbox[gallery_image_1]\" class=\"fusion-lightbox\" target=\"_self\"><img decoding=\"async\" src=\"https:\/\/www.arlisman.com\/de\/wp-content\/uploads\/2019\/03\/AR-CP-06.jpg\" width=\"750\" height=\"750\" alt=\"\" title=\"AR-CP-06\" aria-label=\"AR-CP-06\" class=\"img-responsive wp-image-2245\" srcset=\"https:\/\/www.arlisman.com\/de\/wp-content\/uploads\/2019\/03\/AR-CP-06-200x200.jpg 200w, https:\/\/www.arlisman.com\/de\/wp-content\/uploads\/2019\/03\/AR-CP-06-400x400.jpg 400w, https:\/\/www.arlisman.com\/de\/wp-content\/uploads\/2019\/03\/AR-CP-06-600x600.jpg 600w, https:\/\/www.arlisman.com\/de\/wp-content\/uploads\/2019\/03\/AR-CP-06.jpg 750w\" sizes=\"(min-width: 2200px) 100vw, (min-width: 856px) 316px, (min-width: 784px) 422px, (min-width: 712px) 633px, (min-width: 640px) 712px, \" \/><\/a><\/div><\/div><div style=\"padding:5px;\" class=\"fusion-grid-column fusion-gallery-column fusion-gallery-column-4 hover-type-none\"><div class=\"fusion-gallery-image\"><a href=\"https:\/\/www.arlisman.com\/de\/wp-content\/uploads\/2019\/03\/AR-CP-07.jpg\" data-title=\"AR-CP-07\" title=\"AR-CP-07\" rel=\"noreferrer\" data-rel=\"iLightbox[gallery_image_1]\" class=\"fusion-lightbox\" target=\"_self\"><img decoding=\"async\" src=\"https:\/\/www.arlisman.com\/de\/wp-content\/uploads\/2019\/03\/AR-CP-07.jpg\" width=\"750\" height=\"750\" alt=\"\" title=\"AR-CP-07\" aria-label=\"AR-CP-07\" class=\"img-responsive wp-image-2246\" srcset=\"https:\/\/www.arlisman.com\/de\/wp-content\/uploads\/2019\/03\/AR-CP-07-200x200.jpg 200w, https:\/\/www.arlisman.com\/de\/wp-content\/uploads\/2019\/03\/AR-CP-07-400x400.jpg 400w, https:\/\/www.arlisman.com\/de\/wp-content\/uploads\/2019\/03\/AR-CP-07-600x600.jpg 600w, https:\/\/www.arlisman.com\/de\/wp-content\/uploads\/2019\/03\/AR-CP-07.jpg 750w\" sizes=\"(min-width: 2200px) 100vw, (min-width: 856px) 316px, (min-width: 784px) 422px, (min-width: 712px) 633px, (min-width: 640px) 712px, \" \/><\/a><\/div><\/div><div class=\"clearfix\"><\/div><\/div><\/div><div class=\"fusion-clearfix\"><\/div><\/div><\/div><\/div><\/div><div class=\"fusion-fullwidth fullwidth-box fusion-builder-row-2 nonhundred-percent-fullwidth non-hundred-percent-height-scrolling\" style=\"--awb-border-radius-top-left:0px;--awb-border-radius-top-right:0px;--awb-border-radius-bottom-right:0px;--awb-border-radius-bottom-left:0px;--awb-margin-top:20px;--awb-flex-wrap:wrap;\" ><div class=\"fusion-builder-row fusion-row\"><div class=\"fusion-layout-column fusion_builder_column fusion-builder-column-3 fusion_builder_column_1_1 1_1 fusion-one-full fusion-column-first fusion-column-last\" style=\"--awb-bg-size:cover;--awb-margin-bottom:0px;\"><div class=\"fusion-column-wrapper fusion-flex-column-wrapper-legacy\"><div class=\"fusion-title title fusion-title-2 fusion-title-text fusion-title-size-one\"><h1 class=\"fusion-title-heading title-heading-left fusion-responsive-typography-calculated\" style=\"margin:0;--fontSize:34;line-height:1.4;\"><strong>&gt; Kontakt<\/strong><\/h1><span class=\"awb-title-spacer\"><\/span><div class=\"title-sep-container\"><div class=\"title-sep sep-single sep-dashed\" style=\"border-color:#e0dede;\"><\/div><\/div><\/div><div class=\"fusion-clearfix\"><\/div><\/div><\/div><div class=\"fusion-layout-column fusion_builder_column fusion-builder-column-4 fusion_builder_column_1_2 1_2 fusion-one-half fusion-column-first\" style=\"--awb-bg-size:cover;width:50%;width:calc(50% - ( ( 4% ) * 0.5 ) );margin-right: 4%;\"><div class=\"fusion-column-wrapper fusion-flex-column-wrapper-legacy\"><div class=\"fusion-text fusion-text-3\"><h1><img decoding=\"async\" class=\"size-full wp-image-2047 aligncenter\" src=\"https:\/\/www.arlisman.com\/de\/wp-content\/uploads\/2019\/01\/Arlisman-Garment-Factory-\uff0d-20-years-history-DE.png\" alt=\"Arlisman-20 Jahre GESCHICHTE\" width=\"120\" height=\"120\" srcset=\"https:\/\/www.arlisman.com\/de\/wp-content\/uploads\/2019\/01\/Arlisman-Garment-Factory-\uff0d-20-years-history-DE-66x66.png 66w, https:\/\/www.arlisman.com\/de\/wp-content\/uploads\/2019\/01\/Arlisman-Garment-Factory-\uff0d-20-years-history-DE.png 120w\" sizes=\"(max-width: 120px) 100vw, 120px\" \/><\/h1>\n<h2 style=\"text-align: center;\"><strong><span style=\"color: #b8906c;\">OEM Bekleidungshersteller, Bekleidungshersteller, Bekleidungshersteller, Bekleidungshersteller.<\/span><\/strong><\/h2>\n<\/div><div class=\"fusion-clearfix\"><\/div><\/div><\/div><div class=\"fusion-layout-column fusion_builder_column fusion-builder-column-5 fusion_builder_column_1_2 1_2 fusion-one-half fusion-column-last\" style=\"--awb-bg-size:cover;width:50%;width:calc(50% - ( ( 4% ) * 0.5 ) );\"><div class=\"fusion-column-wrapper fusion-flex-column-wrapper-legacy\">\n<div class=\"wpcf7 no-js\" id=\"wpcf7-f504-o1\" lang=\"en-US\" dir=\"ltr\">\n<div class=\"screen-reader-response\"><p role=\"status\" aria-live=\"polite\" aria-atomic=\"true\"><\/p> <ul><\/ul><\/div>\n<form action=\"\/de\/wp-json\/wp\/v2\/pages\/343#wpcf7-f504-o1\" method=\"post\" class=\"wpcf7-form init\" aria-label=\"Contact form\" novalidate=\"novalidate\" data-status=\"init\">\n<div style=\"display: none;\">\n<input type=\"hidden\" name=\"_wpcf7\" value=\"504\" \/>\n<input type=\"hidden\" name=\"_wpcf7_version\" value=\"5.8.5\" \/>\n<input type=\"hidden\" name=\"_wpcf7_locale\" value=\"en_US\" \/>\n<input type=\"hidden\" name=\"_wpcf7_unit_tag\" value=\"wpcf7-f504-o1\" \/>\n<input type=\"hidden\" name=\"_wpcf7_container_post\" value=\"0\" \/>\n<input type=\"hidden\" name=\"_wpcf7_posted_data_hash\" value=\"\" \/>\n<\/div>\n<p><span class=\"wpcf7-form-control-wrap\" data-name=\"your-name\"><input size=\"40\" class=\"wpcf7-form-control wpcf7-text wpcf7-validates-as-required\" aria-required=\"true\" aria-invalid=\"false\" placeholder=\"Dein Name*\" value=\"\" type=\"text\" name=\"your-name\" \/><\/span><br \/>\n<span class=\"wpcf7-form-control-wrap\" data-name=\"your-email\"><input size=\"40\" class=\"wpcf7-form-control wpcf7-email wpcf7-validates-as-required wpcf7-text wpcf7-validates-as-email\" aria-required=\"true\" aria-invalid=\"false\" placeholder=\"Deine E-Mail*\" value=\"\" type=\"email\" name=\"your-email\" \/><\/span><br \/>\n<span class=\"wpcf7-form-control-wrap\" data-name=\"your-subject\"><input size=\"40\" class=\"wpcf7-form-control wpcf7-text wpcf7-validates-as-required\" aria-required=\"true\" aria-invalid=\"false\" placeholder=\"Dein Betreff*\" value=\"\" type=\"text\" name=\"your-subject\" \/><\/span><br \/>\n<span class=\"wpcf7-form-control-wrap\" data-name=\"your-message\"><textarea cols=\"40\" rows=\"10\" class=\"wpcf7-form-control wpcf7-textarea wpcf7-validates-as-required\" aria-required=\"true\" aria-invalid=\"false\" placeholder=\"Deine Nachricht* - Hallo, was kann ich f\u00fcr Sie tun?\" name=\"your-message\"><\/textarea><\/span>\n<\/p>\n<p><input type=\"hidden\" name=\"_wpcf7_captcha_challenge_captcha-1\" value=\"16078271\" \/><img decoding=\"async\" class=\"wpcf7-form-control wpcf7-captchac wpcf7-captcha-captcha-1\" width=\"72\" height=\"24\" alt=\"captcha\" src=\"https:\/\/www.arlisman.com\/de\/wp-content\/uploads\/wpcf7_captcha\/16078271.png\" \/><br \/>\n<span class=\"wpcf7-form-control-wrap\" data-name=\"captcha-1\"><input size=\"40\" class=\"wpcf7-form-control wpcf7-captchar\" autocomplete=\"off\" aria-invalid=\"false\" value=\"\" type=\"text\" name=\"captcha-1\" \/><\/span>\n<\/p>\n<p><input class=\"wpcf7-form-control wpcf7-submit has-spinner\" type=\"submit\" value=\"SENDEN\" \/>\n<\/p>\n<div>\n\t<p><script>\ndocument.addEventListener( 'wpcf7mailsent', function( event ) {\n if(event.detail.contactFormId == 504){\n gtag('event', 'footer', {\n 'event_category': 'click504'\n });\n }\n}, false ); \n<\/script>\n\t<\/p>\n<\/div><div class=\"fusion-alert alert custom alert-custom fusion-alert-center wpcf7-response-output fusion-alert-capitalize awb-alert-native-link-color alert-dismissable awb-alert-close-boxed\" style=\"--awb-border-top-left-radius:0px;--awb-border-top-right-radius:0px;--awb-border-bottom-left-radius:0px;--awb-border-bottom-right-radius:0px;\" role=\"alert\"><div class=\"fusion-alert-content-wrapper\"><span class=\"fusion-alert-content\"><\/span><\/div><button type=\"button\" class=\"close toggle-alert\" data-dismiss=\"alert\" aria-label=\"Close\">&times;<\/button><\/div>\n<\/form>\n<\/div>\n<div class=\"fusion-clearfix\"><\/div><\/div><\/div><\/div><\/div><\/p>\n","protected":false},"excerpt":{"rendered":"","protected":false},"author":1,"featured_media":0,"parent":0,"menu_order":0,"comment_status":"closed","ping_status":"closed","template":"","meta":{"footnotes":""},"class_list":["post-343","page","type-page","status-publish","hentry"],"_links":{"self":[{"href":"https:\/\/www.arlisman.com\/de\/wp-json\/wp\/v2\/pages\/343","targetHints":{"allow":["GET"]}}],"collection":[{"href":"https:\/\/www.arlisman.com\/de\/wp-json\/wp\/v2\/pages"}],"about":[{"href":"https:\/\/www.arlisman.com\/de\/wp-json\/wp\/v2\/types\/page"}],"author":[{"embeddable":true,"href":"https:\/\/www.arlisman.com\/de\/wp-json\/wp\/v2\/users\/1"}],"replies":[{"embeddable":true,"href":"https:\/\/www.arlisman.com\/de\/wp-json\/wp\/v2\/comments?post=343"}],"version-history":[{"count":17,"href":"https:\/\/www.arlisman.com\/de\/wp-json\/wp\/v2\/pages\/343\/revisions"}],"predecessor-version":[{"id":2328,"href":"https:\/\/www.arlisman.com\/de\/wp-json\/wp\/v2\/pages\/343\/revisions\/2328"}],"wp:attachment":[{"href":"https:\/\/www.arlisman.com\/de\/wp-json\/wp\/v2\/media?parent=343"}],"curies":[{"name":"wp","href":"https:\/\/api.w.org\/{rel}","templated":true}]}}